{"id":727,"date":"2024-12-12T12:22:36","date_gmt":"2024-12-12T11:22:36","guid":{"rendered":"https:\/\/aeggene.dk\/?page_id=727"},"modified":"2024-12-12T12:55:59","modified_gmt":"2024-12-12T11:55:59","slug":"virksomhedsmedlemmer-2024","status":"publish","type":"page","link":"https:\/\/aeggene.dk\/?page_id=727","title":{"rendered":"Virksomhedsmedlemmer 2024"},"content":{"rendered":"\n<figure class=\"wp-block-table\"><table class=\"has-fixed-layout\"><tbody><tr><td><a href=\"https:\/\/www.sgbolig.dk\/\" data-type=\"link\" data-id=\"https:\/\/www.sgbolig.dk\/\" target=\"_blank\" rel=\"noreferrer noopener\">SG Bolig ApS<\/a><\/td><td>Maglebjergvej 2, Assentorp &#8211; 4295 Stenlille<\/td><\/tr><tr><td><a href=\"https:\/\/idonline.dk\/\" target=\"_blank\" rel=\"noreferrer noopener\">IDonline APS<\/a><\/td><td>Assentorpvej 94 &#8211; 4295 Stenlille<\/td><\/tr><tr><td><a href=\"https:\/\/stenlille-fysioterapi.webflow.io\/\" target=\"_blank\" rel=\"noreferrer noopener\">Stenlille Fysioterapi v\/Thomas Jensen<\/a><\/td><td>Hovedgaden 66 &#8211; 4295 Stenlille<\/td><\/tr><tr><td>Lars Boelskifte<\/td><td>S\u00f8nderbjerg 19 &#8211; 4295 Stenlille<\/td><\/tr><tr><td><a href=\"https:\/\/skorstensfejersoroe.dk\/+\" target=\"_blank\" rel=\"noreferrer noopener\">Skorstensfejermester B\u00f8rge Petersen<\/a><\/td><td>Fulbyvej 4H &#8211; 4180 Sor\u00f8<\/td><\/tr><\/tbody><\/table><\/figure>\n\n\n\n<p><\/p>\n","protected":false},"excerpt":{"rendered":"<p>SG Bolig ApS Maglebjergvej 2, Assentorp &#8211; 4295 Stenlille IDonline APS Assentorpvej 94 &#8211; 4295 Stenlille Stenlille Fysioterapi v\/Thomas Jensen Hovedgaden 66 &#8211; 4295 Stenlille Lars Boelskifte S\u00f8nderbjerg 19 &#8211; 4295 Stenlille Skorstensfejermester B\u00f8rge Petersen Fulbyvej 4H &#8211; 4180 Sor\u00f8<\/p>\n","protected":false},"author":2,"featured_media":0,"parent":0,"menu_order":0,"comment_status":"closed","ping_status":"closed","template":"","meta":{"footnotes":""},"class_list":["post-727","page","type-page","status-publish","hentry"],"_links":{"self":[{"href":"https:\/\/aeggene.dk\/index.php?rest_route=\/wp\/v2\/pages\/727","targetHints":{"allow":["GET"]}}],"collection":[{"href":"https:\/\/aeggene.dk\/index.php?rest_route=\/wp\/v2\/pages"}],"about":[{"href":"https:\/\/aeggene.dk\/index.php?rest_route=\/wp\/v2\/types\/page"}],"author":[{"embeddable":true,"href":"https:\/\/aeggene.dk\/index.php?rest_route=\/wp\/v2\/users\/2"}],"replies":[{"embeddable":true,"href":"https:\/\/aeggene.dk\/index.php?rest_route=%2Fwp%2Fv2%2Fcomments&post=727"}],"version-history":[{"count":5,"href":"https:\/\/aeggene.dk\/index.php?rest_route=\/wp\/v2\/pages\/727\/revisions"}],"predecessor-version":[{"id":749,"href":"https:\/\/aeggene.dk\/index.php?rest_route=\/wp\/v2\/pages\/727\/revisions\/749"}],"wp:attachment":[{"href":"https:\/\/aeggene.dk\/index.php?rest_route=%2Fwp%2Fv2%2Fmedia&parent=727"}],"curies":[{"name":"wp","href":"https:\/\/api.w.org\/{rel}","templated":true}]}}