{"id":710,"date":"2024-12-12T12:05:17","date_gmt":"2024-12-12T11:05:17","guid":{"rendered":"https:\/\/aeggene.dk\/?page_id=710"},"modified":"2024-12-12T12:05:17","modified_gmt":"2024-12-12T11:05:17","slug":"medlemmer-2024","status":"publish","type":"page","link":"https:\/\/aeggene.dk\/?page_id=710","title":{"rendered":"Medlemmer 2024"},"content":{"rendered":"\n<figure class=\"wp-block-table\"><table class=\"has-fixed-layout\"><tbody><tr><td>Knud-Erik Hvidth\u00f8ft<\/td><td>4295 Stenlille<\/td><\/tr><tr><td>Ole Petersen<\/td><td>4295 Stenlille<\/td><\/tr><tr><td>Inge Sparre<\/td><td>4295 Stenlille<\/td><\/tr><tr><td>Jeanette Green<\/td><td>4340 T\u00f8ll\u00f8se<\/td><\/tr><tr><td>Kim Bo Jakobsen<\/td><td>4295 Stenlille<\/td><\/tr><tr><td>Mette &amp; Per Johnsen<\/td><td>4295 Stenlille<\/td><\/tr><tr><td>Finn Poulsen og Jette Thomsen<\/td><td>4295 Stenlille<\/td><\/tr><tr><td>Frank Sidor<\/td><td>4295 Stenlille<\/td><\/tr><tr><td>Grete Sidor<\/td><td>4295 Stenlille<\/td><\/tr><tr><td>Freddy Boyner<\/td><td>4295 Stenlille<\/td><\/tr><tr><td>Vinni Jensen<\/td><td>4295 Stenlille<\/td><\/tr><tr><td>Rasmus Lehmann Hansen<\/td><td>4295 Stenlille<\/td><\/tr><tr><td>Jonna Elsebeth Menne<\/td><td>4295 Stenlille<\/td><\/tr><tr><td>Lisbet Chemnitz<\/td><td>4295 Stenlille<\/td><\/tr><tr><td>Tove S\u00f8rensen<\/td><td>4180 Sor\u00f8<\/td><\/tr><tr><td>Tom og Lene Granlyn<\/td><td>4295 Stenlille<\/td><\/tr><tr><td>Lisbeth og Flemming Nielsen<\/td><td>4180 Sor\u00f8<\/td><\/tr><tr><td>Camilla Schl\u00fcntz<\/td><td>4295 Stenlille<\/td><\/tr><tr><td>Jakob Schl\u00fcntz<\/td><td>4295 Stenlille<\/td><\/tr><tr><td>Michael Bytov<\/td><td>4295 Stenlille<\/td><\/tr><\/tbody><\/table><\/figure>\n\n\n\n<p><\/p>\n","protected":false},"excerpt":{"rendered":"<p>Knud-Erik Hvidth\u00f8ft 4295 Stenlille Ole Petersen 4295 Stenlille Inge Sparre 4295 Stenlille Jeanette Green 4340 T\u00f8ll\u00f8se Kim Bo Jakobsen 4295 Stenlille Mette &amp; Per Johnsen 4295 Stenlille Finn Poulsen og Jette Thomsen 4295 Stenlille Frank Sidor 4295 Stenlille Grete Sidor 4295 Stenlille Freddy Boyner 4295 Stenlille Vinni Jensen 4295 Stenlille Rasmus Lehmann Hansen 4295 Stenlille [&hellip;]<\/p>\n","protected":false},"author":2,"featured_media":0,"parent":0,"menu_order":0,"comment_status":"closed","ping_status":"closed","template":"","meta":{"footnotes":""},"class_list":["post-710","page","type-page","status-publish","hentry"],"_links":{"self":[{"href":"https:\/\/aeggene.dk\/index.php?rest_route=\/wp\/v2\/pages\/710","targetHints":{"allow":["GET"]}}],"collection":[{"href":"https:\/\/aeggene.dk\/index.php?rest_route=\/wp\/v2\/pages"}],"about":[{"href":"https:\/\/aeggene.dk\/index.php?rest_route=\/wp\/v2\/types\/page"}],"author":[{"embeddable":true,"href":"https:\/\/aeggene.dk\/index.php?rest_route=\/wp\/v2\/users\/2"}],"replies":[{"embeddable":true,"href":"https:\/\/aeggene.dk\/index.php?rest_route=%2Fwp%2Fv2%2Fcomments&post=710"}],"version-history":[{"count":1,"href":"https:\/\/aeggene.dk\/index.php?rest_route=\/wp\/v2\/pages\/710\/revisions"}],"predecessor-version":[{"id":711,"href":"https:\/\/aeggene.dk\/index.php?rest_route=\/wp\/v2\/pages\/710\/revisions\/711"}],"wp:attachment":[{"href":"https:\/\/aeggene.dk\/index.php?rest_route=%2Fwp%2Fv2%2Fmedia&parent=710"}],"curies":[{"name":"wp","href":"https:\/\/api.w.org\/{rel}","templated":true}]}}