{"id":708,"date":"2024-12-12T11:57:06","date_gmt":"2024-12-12T10:57:06","guid":{"rendered":"https:\/\/aeggene.dk\/?page_id=708"},"modified":"2024-12-12T11:57:06","modified_gmt":"2024-12-12T10:57:06","slug":"medlemmer-2023","status":"publish","type":"page","link":"https:\/\/aeggene.dk\/?page_id=708","title":{"rendered":"Medlemmer 2023"},"content":{"rendered":"\n<figure class=\"wp-block-table\"><table class=\"has-fixed-layout\"><tbody><tr><td>Knud-Erik Hvidth\u00f8ft<\/td><td>4295 Stenlille<\/td><\/tr><tr><td>Ole Petersen<\/td><td>4295 Stenlille<\/td><\/tr><tr><td>Inge Sparre<\/td><td>4295 Stenlille<\/td><\/tr><tr><td>Jeanette Green<\/td><td>4340 T\u00f8ll\u00f8se<\/td><\/tr><tr><td>Kim Bo Jakobsen<\/td><td>4295 Stenlille<\/td><\/tr><tr><td>Mette &amp; Per Johnsen<\/td><td>4295 Stenlille<\/td><\/tr><tr><td>Janne og Tonny Christiansen<\/td><td>4180 Sor\u00f8<\/td><\/tr><tr><td>Finn Poulsen og Jette Thomsen<\/td><td>4295 Stenlille<\/td><\/tr><tr><td>Frank Sidor<\/td><td>4295 Stenlille<\/td><\/tr><tr><td>Grete Sidor<\/td><td>4295 Stenlille<\/td><\/tr><tr><td>Freddy Boyner<\/td><td>4295 Stenlille<\/td><\/tr><tr><td>Vinni Jensen<\/td><td>4295 Stenlille<\/td><\/tr><\/tbody><\/table><\/figure>\n","protected":false},"excerpt":{"rendered":"<p>Knud-Erik Hvidth\u00f8ft 4295 Stenlille Ole Petersen 4295 Stenlille Inge Sparre 4295 Stenlille Jeanette Green 4340 T\u00f8ll\u00f8se Kim Bo Jakobsen 4295 Stenlille Mette &amp; Per Johnsen 4295 Stenlille Janne og Tonny Christiansen 4180 Sor\u00f8 Finn Poulsen og Jette Thomsen 4295 Stenlille Frank Sidor 4295 Stenlille Grete Sidor 4295 Stenlille Freddy Boyner 4295 Stenlille Vinni Jensen 4295 [&hellip;]<\/p>\n","protected":false},"author":2,"featured_media":0,"parent":0,"menu_order":0,"comment_status":"closed","ping_status":"closed","template":"","meta":{"footnotes":""},"class_list":["post-708","page","type-page","status-publish","hentry"],"_links":{"self":[{"href":"https:\/\/aeggene.dk\/index.php?rest_route=\/wp\/v2\/pages\/708","targetHints":{"allow":["GET"]}}],"collection":[{"href":"https:\/\/aeggene.dk\/index.php?rest_route=\/wp\/v2\/pages"}],"about":[{"href":"https:\/\/aeggene.dk\/index.php?rest_route=\/wp\/v2\/types\/page"}],"author":[{"embeddable":true,"href":"https:\/\/aeggene.dk\/index.php?rest_route=\/wp\/v2\/users\/2"}],"replies":[{"embeddable":true,"href":"https:\/\/aeggene.dk\/index.php?rest_route=%2Fwp%2Fv2%2Fcomments&post=708"}],"version-history":[{"count":1,"href":"https:\/\/aeggene.dk\/index.php?rest_route=\/wp\/v2\/pages\/708\/revisions"}],"predecessor-version":[{"id":709,"href":"https:\/\/aeggene.dk\/index.php?rest_route=\/wp\/v2\/pages\/708\/revisions\/709"}],"wp:attachment":[{"href":"https:\/\/aeggene.dk\/index.php?rest_route=%2Fwp%2Fv2%2Fmedia&parent=708"}],"curies":[{"name":"wp","href":"https:\/\/api.w.org\/{rel}","templated":true}]}}