{"id":31,"date":"2022-09-18T12:33:09","date_gmt":"2022-09-18T10:33:09","guid":{"rendered":"https:\/\/aeggene.bluepipe.dk\/?page_id=31"},"modified":"2023-06-01T13:03:54","modified_gmt":"2023-06-01T11:03:54","slug":"historie","status":"publish","type":"page","link":"https:\/\/aeggene.dk\/?page_id=31","title":{"rendered":"Historie"},"content":{"rendered":"\t\t<div data-elementor-type=\"wp-page\" data-elementor-id=\"31\" class=\"elementor elementor-31\">\n\t\t\t\t\t\t<section class=\"elementor-section elementor-top-section elementor-element elementor-element-a2e0bab elementor-section-boxed elementor-section-height-default elementor-section-height-default\" data-id=\"a2e0bab\" data-element_type=\"section\" data-e-type=\"section\">\n\t\t\t\t\t\t<div class=\"elementor-container elementor-column-gap-default\">\n\t\t\t\t\t<div class=\"elementor-column elementor-col-50 elementor-top-column elementor-element elementor-element-eae942b\" data-id=\"eae942b\" data-element_type=\"column\" data-e-type=\"column\">\n\t\t\t<div class=\"elementor-widget-wrap elementor-element-populated\">\n\t\t\t\t\t\t<div class=\"elementor-element elementor-element-6b8922c elementor-widget elementor-widget-text-editor\" data-id=\"6b8922c\" data-element_type=\"widget\" data-e-type=\"widget\" data-widget_type=\"text-editor.default\">\n\t\t\t\t<div class=\"elementor-widget-container\">\n\t\t\t\t\t\t\t\t\t<p><strong>H\u00f8jbodal Kontrolh\u00f8nseri ved Assentorp<\/strong><\/p><p>Fotoet fra Lokalhistorisk Arkiv i Stenlille er fra 1920\u00b4erne og viser landpostbudet, der p\u00e5 sin cykelrute er n\u00e5et til H\u00f8jbodal H\u00f8nseri. Her er man ved laste kasser med levende h\u00f8ns til Ungarn!<\/p><p>I dag fort\u00e6ller \u00c6gget ved Assentorpvej\/Granbakkevej, at her engang var noget s\u00e6rligt.<\/p><p>Christian G. Jensen, f\u00f8dt p\u00e5 S\u00f8nderbjerg 1889, startede efter gifterm\u00e5let med Ingeborg i 1911 som tr\u00e6skomager p\u00e5 Granbakkevej 70. Men i 1917 var det slut med skomageriet, da han oprettede et h\u00f8nseri, som han drev frem til 1956. Herefter overtog hans d\u00f8tre og svigers\u00f8nner bedriften. Sidst i 1960\u00b4erne lukkede h\u00f8nseriet.<\/p><p>H\u00f8nseriet strakte sig over 23 t\u00f8nder land \u2013 Assentorp Camping ligger i dag p\u00e5 en del af arealet. Christian G. Jensen havde en meget stor elektrisk rugemaskine, der kunne tage 16.000 \u00e6g! 4.000 \u00e6g blev ugentligt lagt i maskinen, og lige s\u00e5 mange kyllinger kom ud. Fra januar til maj produceredes 65.000 kyllinger.<\/p><p>N\u00e5r foder skulle ud til h\u00f8nnikerne p\u00e5 de sandede jorder, foregik det p\u00e5 to Nimbus motorcykler med sidevogn. Turen var 35 km!<\/p><p>P\u00e5 arealerne plantedes der efterh\u00e5nden gran og frugttr\u00e6er, s\u00e5 kunne der s\u00e6lges juletr\u00e6er og \u00e6bler.<\/p><p>P\u00e5 en stor sten fik Christian G. Jensen indhugget:<br \/>Hvor ploven ej kan g\u00e5 og leen ej kan sl\u00e5, der b\u00f8r et tr\u00e6 dog st\u00e5, s\u00e5 h\u00f8nen ly kan f\u00e5!<\/p>\t\t\t\t\t\t\t\t<\/div>\n\t\t\t\t<\/div>\n\t\t\t\t\t<\/div>\n\t\t<\/div>\n\t\t\t\t<div class=\"elementor-column elementor-col-50 elementor-top-column elementor-element elementor-element-9879f9b\" data-id=\"9879f9b\" data-element_type=\"column\" data-e-type=\"column\">\n\t\t\t<div class=\"elementor-widget-wrap elementor-element-populated\">\n\t\t\t\t\t\t<div class=\"elementor-element elementor-element-45329dd elementor-widget elementor-widget-image\" data-id=\"45329dd\" data-element_type=\"widget\" data-e-type=\"widget\" data-widget_type=\"image.default\">\n\t\t\t\t<div class=\"elementor-widget-container\">\n\t\t\t\t\t\t\t\t\t\t\t\t\t\t\t<img fetchpriority=\"high\" decoding=\"async\" width=\"481\" height=\"299\" src=\"https:\/\/aeggene.dk\/wp-content\/uploads\/2022\/10\/Historisk-hovedbillede.png\" class=\"attachment-large size-large wp-image-437\" alt=\"\" srcset=\"https:\/\/aeggene.dk\/wp-content\/uploads\/2022\/10\/Historisk-hovedbillede.png 481w, https:\/\/aeggene.dk\/wp-content\/uploads\/2022\/10\/Historisk-hovedbillede-300x186.png 300w\" sizes=\"(max-width: 481px) 100vw, 481px\" \/>\t\t\t\t\t\t\t\t\t\t\t\t\t\t\t<\/div>\n\t\t\t\t<\/div>\n\t\t\t\t<div class=\"elementor-element elementor-element-e289fd8 elementor-widget elementor-widget-text-editor\" data-id=\"e289fd8\" data-element_type=\"widget\" data-e-type=\"widget\" data-widget_type=\"text-editor.default\">\n\t\t\t\t<div class=\"elementor-widget-container\">\n\t\t\t\t\t\t\t\t\t<a class=\"fancybox-iframe\" href=\"https:\/\/lokalhistorisk-arkiv-stenlille.dk\/?id=13101\" rel=\"noopener\" referrerpolicy=\"no-referrer\">Her kan man se en artikel om H\u00f8jbodal Kontrolh\u00f8nseri ved Assentorp fra Lokalhistorisk Arkiv Stenlille skrevet af Niels G. S\u00f8rensen<\/a>\t\t\t\t\t\t\t\t<\/div>\n\t\t\t\t<\/div>\n\t\t\t\t\t<\/div>\n\t\t<\/div>\n\t\t\t\t\t<\/div>\n\t\t<\/section>\n\t\t\t\t<\/div>\n\t\t","protected":false},"excerpt":{"rendered":"<p>H\u00f8jbodal Kontrolh\u00f8nseri ved Assentorp Fotoet fra Lokalhistorisk Arkiv i Stenlille er fra 1920\u00b4erne og viser landpostbudet, der p\u00e5 sin cykelrute er n\u00e5et til H\u00f8jbodal H\u00f8nseri. Her er man ved laste kasser med levende h\u00f8ns til Ungarn! I dag fort\u00e6ller \u00c6gget ved Assentorpvej\/Granbakkevej, at her engang var noget s\u00e6rligt. Christian G. Jensen, f\u00f8dt p\u00e5 S\u00f8nderbjerg 1889, [&hellip;]<\/p>\n","protected":false},"author":1,"featured_media":0,"parent":0,"menu_order":0,"comment_status":"closed","ping_status":"closed","template":"","meta":{"footnotes":""},"class_list":["post-31","page","type-page","status-publish","hentry"],"_links":{"self":[{"href":"https:\/\/aeggene.dk\/index.php?rest_route=\/wp\/v2\/pages\/31","targetHints":{"allow":["GET"]}}],"collection":[{"href":"https:\/\/aeggene.dk\/index.php?rest_route=\/wp\/v2\/pages"}],"about":[{"href":"https:\/\/aeggene.dk\/index.php?rest_route=\/wp\/v2\/types\/page"}],"author":[{"embeddable":true,"href":"https:\/\/aeggene.dk\/index.php?rest_route=\/wp\/v2\/users\/1"}],"replies":[{"embeddable":true,"href":"https:\/\/aeggene.dk\/index.php?rest_route=%2Fwp%2Fv2%2Fcomments&post=31"}],"version-history":[{"count":130,"href":"https:\/\/aeggene.dk\/index.php?rest_route=\/wp\/v2\/pages\/31\/revisions"}],"predecessor-version":[{"id":527,"href":"https:\/\/aeggene.dk\/index.php?rest_route=\/wp\/v2\/pages\/31\/revisions\/527"}],"wp:attachment":[{"href":"https:\/\/aeggene.dk\/index.php?rest_route=%2Fwp%2Fv2%2Fmedia&parent=31"}],"curies":[{"name":"wp","href":"https:\/\/api.w.org\/{rel}","templated":true}]}}