{"id":20,"date":"2022-09-15T23:29:44","date_gmt":"2022-09-15T21:29:44","guid":{"rendered":"https:\/\/aeggene.bluepipe.dk\/?page_id=20"},"modified":"2024-08-23T12:30:53","modified_gmt":"2024-08-23T10:30:53","slug":"forside","status":"publish","type":"page","link":"https:\/\/aeggene.dk\/","title":{"rendered":"Forside"},"content":{"rendered":"\t\t<div data-elementor-type=\"wp-page\" data-elementor-id=\"20\" class=\"elementor elementor-20\">\n\t\t\t\t\t\t<section class=\"elementor-section elementor-top-section elementor-element elementor-element-7f55907 elementor-section-boxed elementor-section-height-default elementor-section-height-default\" data-id=\"7f55907\" data-element_type=\"section\" data-e-type=\"section\">\n\t\t\t\t\t\t<div class=\"elementor-container elementor-column-gap-default\">\n\t\t\t\t\t<div class=\"elementor-column elementor-col-100 elementor-top-column elementor-element elementor-element-a41155f\" data-id=\"a41155f\" data-element_type=\"column\" data-e-type=\"column\">\n\t\t\t<div class=\"elementor-widget-wrap elementor-element-populated\">\n\t\t\t\t\t\t<div class=\"elementor-element elementor-element-ae440b4 elementor-widget-divider--view-line elementor-widget elementor-widget-divider\" data-id=\"ae440b4\" data-element_type=\"widget\" data-e-type=\"widget\" data-widget_type=\"divider.default\">\n\t\t\t\t<div class=\"elementor-widget-container\">\n\t\t\t\t\t\t\t<div class=\"elementor-divider\">\n\t\t\t<span class=\"elementor-divider-separator\">\n\t\t\t\t\t\t<\/span>\n\t\t<\/div>\n\t\t\t\t\t\t<\/div>\n\t\t\t\t<\/div>\n\t\t\t\t\t<\/div>\n\t\t<\/div>\n\t\t\t\t\t<\/div>\n\t\t<\/section>\n\t\t\t\t<section class=\"elementor-section elementor-top-section elementor-element elementor-element-20b94a7 elementor-section-boxed elementor-section-height-default elementor-section-height-default\" data-id=\"20b94a7\" data-element_type=\"section\" data-e-type=\"section\">\n\t\t\t\t\t\t<div class=\"elementor-container elementor-column-gap-default\">\n\t\t\t\t\t<div class=\"elementor-column elementor-col-25 elementor-top-column elementor-element elementor-element-0f70623\" data-id=\"0f70623\" data-element_type=\"column\" data-e-type=\"column\">\n\t\t\t<div class=\"elementor-widget-wrap elementor-element-populated\">\n\t\t\t\t\t\t<div class=\"elementor-element elementor-element-55592c9 elementor-widget elementor-widget-image\" data-id=\"55592c9\" data-element_type=\"widget\" data-e-type=\"widget\" data-widget_type=\"image.default\">\n\t\t\t\t<div class=\"elementor-widget-container\">\n\t\t\t\t\t\t\t\t\t\t\t\t\t\t\t<img fetchpriority=\"high\" decoding=\"async\" width=\"526\" height=\"1169\" src=\"https:\/\/aeggene.dk\/wp-content\/uploads\/2024\/08\/354022935_10160702522176624_1160500993067645294_n.jpg\" class=\"attachment-medium_large size-medium_large wp-image-632\" alt=\"\" srcset=\"https:\/\/aeggene.dk\/wp-content\/uploads\/2024\/08\/354022935_10160702522176624_1160500993067645294_n.jpg 526w, https:\/\/aeggene.dk\/wp-content\/uploads\/2024\/08\/354022935_10160702522176624_1160500993067645294_n-135x300.jpg 135w, https:\/\/aeggene.dk\/wp-content\/uploads\/2024\/08\/354022935_10160702522176624_1160500993067645294_n-461x1024.jpg 461w\" sizes=\"(max-width: 526px) 100vw, 526px\" \/>\t\t\t\t\t\t\t\t\t\t\t\t\t\t\t<\/div>\n\t\t\t\t<\/div>\n\t\t\t\t\t<\/div>\n\t\t<\/div>\n\t\t\t\t<div class=\"elementor-column elementor-col-50 elementor-top-column elementor-element elementor-element-3b4d510\" data-id=\"3b4d510\" data-element_type=\"column\" data-e-type=\"column\">\n\t\t\t<div class=\"elementor-widget-wrap elementor-element-populated\">\n\t\t\t\t\t\t<div class=\"elementor-element elementor-element-9932121 elementor-widget elementor-widget-text-editor\" data-id=\"9932121\" data-element_type=\"widget\" data-e-type=\"widget\" data-widget_type=\"text-editor.default\">\n\t\t\t\t<div class=\"elementor-widget-container\">\n\t\t\t\t\t\t\t\t\t<p>\u201d\u00c6ggene i Assentorps venner\u201d er en forening for lokale beboere, der gerne vil bevare de store \u00e6g, som i dag er blevet vartegn for hele omr\u00e5det.<\/p><p>\u00c6ggene i Assentorp udg\u00f8res af tre \u00e6g. Et stort \u00e6g, der st\u00e5r p\u00e5 hj\u00f8rnet af Assentorpvej og Granbakkevej, og to mindre \u00e6g, der st\u00e5r p\u00e5 H\u00f8jbodalvej.<\/p><p>\u00c6ggene blev oprindeligt rejst af grundl\u00e6ggeren af H\u00f8jbodal Kontrolh\u00f8nseri ved Assentorp, Christian G. Jensen.<\/p><p>H\u00f8jbodal Kontrolh\u00f8nseri var p\u00e5 dav\u00e6rende tidspunkt en af de st\u00f8rste virksomheder i omr\u00e5det, og \u00e6ggene var datidens neonlysreklame \u2013 lidt som Irma H\u00f8nen i K\u00f8benhavn ved s\u00f8erne.<\/p><p>Christian G. Jensen rejste ogs\u00e5 en sten, der hvor man drejede ned til det dav\u00e6rende kontor. Stenen har C.G. Jensens motto indgraveret:<br \/><b><br \/><\/b><\/p><p><b>HVOR-PLOVEN-EJ-KAN-GAA<br \/>OG LEEN-EJ-KAN-SLAA<br \/>DER-B\u00d8R-ET-TR\u00c6-DOG-STAA<br \/>SAA-H\u00d8NEN-LY-KAN-FAA<\/b><\/p><p>Foreningen \u00c6ggene i Assentorps venner vil arbejde p\u00e5 at bevare historierne om \u00e6ggene, samt s\u00f8rge for at restaurere og vedligeholde dem.<\/p>\t\t\t\t\t\t\t\t<\/div>\n\t\t\t\t<\/div>\n\t\t\t\t\t<\/div>\n\t\t<\/div>\n\t\t\t\t<div class=\"elementor-column elementor-col-25 elementor-top-column elementor-element elementor-element-c92416a\" data-id=\"c92416a\" data-element_type=\"column\" data-e-type=\"column\">\n\t\t\t<div class=\"elementor-widget-wrap elementor-element-populated\">\n\t\t\t\t\t\t<div class=\"elementor-element elementor-element-8f9a1cb elementor-widget elementor-widget-image\" data-id=\"8f9a1cb\" data-element_type=\"widget\" data-e-type=\"widget\" data-widget_type=\"image.default\">\n\t\t\t\t<div class=\"elementor-widget-container\">\n\t\t\t\t\t\t\t\t\t\t\t\t\t\t\t<img decoding=\"async\" width=\"159\" height=\"350\" src=\"https:\/\/aeggene.dk\/wp-content\/uploads\/2022\/09\/Forside-Billede.jpg\" class=\"attachment-medium_large size-medium_large wp-image-56\" alt=\"\" srcset=\"https:\/\/aeggene.dk\/wp-content\/uploads\/2022\/09\/Forside-Billede.jpg 159w, https:\/\/aeggene.dk\/wp-content\/uploads\/2022\/09\/Forside-Billede-136x300.jpg 136w\" sizes=\"(max-width: 159px) 100vw, 159px\" \/>\t\t\t\t\t\t\t\t\t\t\t\t\t\t\t<\/div>\n\t\t\t\t<\/div>\n\t\t\t\t<div class=\"elementor-element elementor-element-3d4a609 elementor-widget elementor-widget-image\" data-id=\"3d4a609\" data-element_type=\"widget\" data-e-type=\"widget\" data-widget_type=\"image.default\">\n\t\t\t\t<div class=\"elementor-widget-container\">\n\t\t\t\t\t\t\t\t\t\t\t\t\t\t\t<img decoding=\"async\" width=\"168\" height=\"300\" src=\"https:\/\/aeggene.dk\/wp-content\/uploads\/2024\/08\/351301357_628154192556591_7012247538804321688_n-168x300.jpg\" class=\"attachment-medium size-medium wp-image-631\" alt=\"\" srcset=\"https:\/\/aeggene.dk\/wp-content\/uploads\/2024\/08\/351301357_628154192556591_7012247538804321688_n-168x300.jpg 168w, https:\/\/aeggene.dk\/wp-content\/uploads\/2024\/08\/351301357_628154192556591_7012247538804321688_n-573x1024.jpg 573w, https:\/\/aeggene.dk\/wp-content\/uploads\/2024\/08\/351301357_628154192556591_7012247538804321688_n-768x1372.jpg 768w, https:\/\/aeggene.dk\/wp-content\/uploads\/2024\/08\/351301357_628154192556591_7012247538804321688_n-860x1536.jpg 860w, https:\/\/aeggene.dk\/wp-content\/uploads\/2024\/08\/351301357_628154192556591_7012247538804321688_n.jpg 1146w\" sizes=\"(max-width: 168px) 100vw, 168px\" \/>\t\t\t\t\t\t\t\t\t\t\t\t\t\t\t<\/div>\n\t\t\t\t<\/div>\n\t\t\t\t\t<\/div>\n\t\t<\/div>\n\t\t\t\t\t<\/div>\n\t\t<\/section>\n\t\t\t\t<\/div>\n\t\t","protected":false},"excerpt":{"rendered":"<p>\u201d\u00c6ggene i Assentorps venner\u201d er en forening for lokale beboere, der gerne vil bevare de store \u00e6g, som i dag er blevet vartegn for hele omr\u00e5det. \u00c6ggene i Assentorp udg\u00f8res af tre \u00e6g. Et stort \u00e6g, der st\u00e5r p\u00e5 hj\u00f8rnet af Assentorpvej og Granbakkevej, og to mindre \u00e6g, der st\u00e5r p\u00e5 H\u00f8jbodalvej. \u00c6ggene blev oprindeligt [&hellip;]<\/p>\n","protected":false},"author":1,"featured_media":0,"parent":0,"menu_order":0,"comment_status":"closed","ping_status":"closed","template":"","meta":{"footnotes":""},"class_list":["post-20","page","type-page","status-publish","hentry"],"_links":{"self":[{"href":"https:\/\/aeggene.dk\/index.php?rest_route=\/wp\/v2\/pages\/20","targetHints":{"allow":["GET"]}}],"collection":[{"href":"https:\/\/aeggene.dk\/index.php?rest_route=\/wp\/v2\/pages"}],"about":[{"href":"https:\/\/aeggene.dk\/index.php?rest_route=\/wp\/v2\/types\/page"}],"author":[{"embeddable":true,"href":"https:\/\/aeggene.dk\/index.php?rest_route=\/wp\/v2\/users\/1"}],"replies":[{"embeddable":true,"href":"https:\/\/aeggene.dk\/index.php?rest_route=%2Fwp%2Fv2%2Fcomments&post=20"}],"version-history":[{"count":43,"href":"https:\/\/aeggene.dk\/index.php?rest_route=\/wp\/v2\/pages\/20\/revisions"}],"predecessor-version":[{"id":678,"href":"https:\/\/aeggene.dk\/index.php?rest_route=\/wp\/v2\/pages\/20\/revisions\/678"}],"wp:attachment":[{"href":"https:\/\/aeggene.dk\/index.php?rest_route=%2Fwp%2Fv2%2Fmedia&parent=20"}],"curies":[{"name":"wp","href":"https:\/\/api.w.org\/{rel}","templated":true}]}}